{"id":60,"date":"2021-08-29T06:50:06","date_gmt":"2021-08-29T06:50:06","guid":{"rendered":"https:\/\/westerweller-statik.de\/?page_id=60"},"modified":"2022-02-13T17:32:02","modified_gmt":"2022-02-13T17:32:02","slug":"gestalte-deine-website-mit-bloecken","status":"publish","type":"page","link":"https:\/\/www.westerweller-statik.de\/","title":{"rendered":"Herzlich Willkommen"},"content":{"rendered":"\n<p>Auf den nachfolgenden Seiten m\u00f6chten wir Ihnen einen \u00dcberblick \u00fcber unser Ingenieurb\u00fcro, unsere T\u00e4tigkeitsfelder und unsere Kompetenzen geben.<\/p>\n\n\n\n<p>Als Ingenieurb\u00fcro stehen wir mit unseren national bekannten Ruf f\u00fcr ein schnelles, unkompliziertes und efffizientes Umsetzen Ihres Bauvorhaben. Hierbei k\u00f6nnen Sie sich auf kompetentes und aktuelles Fachwissen, neueste Software und eine pers\u00f6nliche Beratung und Umsetzung Ihres Projekts und auf jahrelange Erfahrung verlassen. <\/p>\n\n\n\n<p>Mit dem Sitz des B\u00fcros in Gedern in der Mitte Hessens sind wir f\u00fcr Sie \u00fcberall im Einsatz. Mit der N\u00e4he zu Frankfurt am Main, Darmstadt, Wiesbaden, Gie\u00dfen, Alsfeld, Fulda und Hanau sind wir Ihr Ansprechpartner vor Ort in Sachen Baustatik, Bauphysik, Energieberatung sowie Bauvorlage- und Nachweisberechtigung. <br><br><\/p>\n\n\n\n<p><\/p>\n\n\n\n<div class=\"wp-block-columns alignwide are-vertically-aligned-center is-style-twentytwentyone-columns-overlap is-layout-flex wp-container-core-columns-is-layout-9d6595d7 wp-block-columns-is-layout-flex\">\n<div class=\"wp-block-column is-vertically-aligned-center is-layout-flow wp-block-column-is-layout-flow\">\n<figure class=\"wp-block-image alignfull size-large is-style-default\"><img loading=\"lazy\" decoding=\"async\" width=\"1024\" height=\"576\" src=\"https:\/\/westerweller-statik.de\/wp-content\/uploads\/2021\/11\/k-20211121_175701_HDR-1024x576.jpg\" alt=\"\" class=\"wp-image-174\" srcset=\"https:\/\/www.westerweller-statik.de\/wp-content\/uploads\/2021\/11\/k-20211121_175701_HDR-1024x576.jpg 1024w, https:\/\/www.westerweller-statik.de\/wp-content\/uploads\/2021\/11\/k-20211121_175701_HDR-300x169.jpg 300w, https:\/\/www.westerweller-statik.de\/wp-content\/uploads\/2021\/11\/k-20211121_175701_HDR-768x432.jpg 768w, https:\/\/www.westerweller-statik.de\/wp-content\/uploads\/2021\/11\/k-20211121_175701_HDR-1536x864.jpg 1536w, https:\/\/www.westerweller-statik.de\/wp-content\/uploads\/2021\/11\/k-20211121_175701_HDR-2048x1152.jpg 2048w, https:\/\/www.westerweller-statik.de\/wp-content\/uploads\/2021\/11\/k-20211121_175701_HDR-1600x900.jpg 1600w\" sizes=\"auto, (max-width: 1024px) 100vw, 1024px\" \/><\/figure>\n\n\n\n<div style=\"height:100px\" aria-hidden=\"true\" class=\"wp-block-spacer\"><\/div>\n\n\n\n<figure class=\"wp-block-image alignfull size-large is-style-twentytwentyone-image-frame\"><img loading=\"lazy\" decoding=\"async\" width=\"1024\" height=\"576\" src=\"https:\/\/westerweller-statik.de\/wp-content\/uploads\/2021\/11\/k-20211121_174822-1024x576.jpg\" alt=\"\" class=\"wp-image-178\" srcset=\"https:\/\/www.westerweller-statik.de\/wp-content\/uploads\/2021\/11\/k-20211121_174822-1024x576.jpg 1024w, https:\/\/www.westerweller-statik.de\/wp-content\/uploads\/2021\/11\/k-20211121_174822-300x169.jpg 300w, https:\/\/www.westerweller-statik.de\/wp-content\/uploads\/2021\/11\/k-20211121_174822-768x432.jpg 768w, https:\/\/www.westerweller-statik.de\/wp-content\/uploads\/2021\/11\/k-20211121_174822-1536x864.jpg 1536w, https:\/\/www.westerweller-statik.de\/wp-content\/uploads\/2021\/11\/k-20211121_174822-2048x1152.jpg 2048w, https:\/\/www.westerweller-statik.de\/wp-content\/uploads\/2021\/11\/k-20211121_174822-1600x900.jpg 1600w\" sizes=\"auto, (max-width: 1024px) 100vw, 1024px\" \/><\/figure>\n<\/div>\n\n\n\n<div class=\"wp-block-column is-vertically-aligned-center is-layout-flow wp-block-column-is-layout-flow\">\n<div style=\"height:100px\" aria-hidden=\"true\" class=\"wp-block-spacer\"><\/div>\n\n\n\n<figure class=\"wp-block-image size-large alignfull size-full is-style-twentytwentyone-border\"><img loading=\"lazy\" decoding=\"async\" width=\"1024\" height=\"576\" src=\"https:\/\/westerweller-statik.de\/wp-content\/uploads\/2021\/11\/k-20211121_180000-1-1024x576.jpg\" alt=\"\" class=\"wp-image-177\" srcset=\"https:\/\/www.westerweller-statik.de\/wp-content\/uploads\/2021\/11\/k-20211121_180000-1-1024x576.jpg 1024w, https:\/\/www.westerweller-statik.de\/wp-content\/uploads\/2021\/11\/k-20211121_180000-1-300x169.jpg 300w, https:\/\/www.westerweller-statik.de\/wp-content\/uploads\/2021\/11\/k-20211121_180000-1-768x432.jpg 768w, https:\/\/www.westerweller-statik.de\/wp-content\/uploads\/2021\/11\/k-20211121_180000-1-1536x864.jpg 1536w, https:\/\/www.westerweller-statik.de\/wp-content\/uploads\/2021\/11\/k-20211121_180000-1-2048x1152.jpg 2048w, https:\/\/www.westerweller-statik.de\/wp-content\/uploads\/2021\/11\/k-20211121_180000-1-1600x900.jpg 1600w\" sizes=\"auto, (max-width: 1024px) 100vw, 1024px\" \/><\/figure>\n<\/div>\n<\/div>\n\n\n\n<figure class=\"wp-block-image size-large is-resized\"><img loading=\"lazy\" decoding=\"async\" src=\"https:\/\/westerweller-statik.de\/wp-content\/uploads\/2021\/11\/k-IMG_20211121_181647-1024x576.jpg\" alt=\"\" class=\"wp-image-208\" width=\"720\" height=\"404\" srcset=\"https:\/\/www.westerweller-statik.de\/wp-content\/uploads\/2021\/11\/k-IMG_20211121_181647-1024x576.jpg 1024w, https:\/\/www.westerweller-statik.de\/wp-content\/uploads\/2021\/11\/k-IMG_20211121_181647-300x169.jpg 300w, https:\/\/www.westerweller-statik.de\/wp-content\/uploads\/2021\/11\/k-IMG_20211121_181647-768x432.jpg 768w, https:\/\/www.westerweller-statik.de\/wp-content\/uploads\/2021\/11\/k-IMG_20211121_181647-1536x864.jpg 1536w, https:\/\/www.westerweller-statik.de\/wp-content\/uploads\/2021\/11\/k-IMG_20211121_181647-2048x1152.jpg 2048w, https:\/\/www.westerweller-statik.de\/wp-content\/uploads\/2021\/11\/k-IMG_20211121_181647-1600x900.jpg 1600w\" sizes=\"auto, (max-width: 720px) 100vw, 720px\" \/><\/figure>\n\n\n\n<div style=\"height:50px\" aria-hidden=\"true\" class=\"wp-block-spacer\"><\/div>\n\n\n\n<div class=\"wp-block-columns alignwide are-vertically-aligned-top is-layout-flex wp-container-core-columns-is-layout-9d6595d7 wp-block-columns-is-layout-flex\">\n<div class=\"wp-block-column is-vertically-aligned-top is-layout-flow wp-block-column-is-layout-flow\">\n<h3 class=\"wp-block-heading\"><\/h3>\n\n\n\n<p><\/p>\n<\/div>\n\n\n\n<div class=\"wp-block-column is-vertically-aligned-top is-layout-flow wp-block-column-is-layout-flow\">\n<h3 class=\"wp-block-heading\"><\/h3>\n\n\n\n<p><\/p>\n<\/div>\n\n\n\n<div class=\"wp-block-column is-vertically-aligned-top is-layout-flow wp-block-column-is-layout-flow\">\n<h3 class=\"wp-block-heading\"><\/h3>\n\n\n\n<p><\/p>\n<\/div>\n<\/div>\n","protected":false},"excerpt":{"rendered":"<p>Auf den nachfolgenden Seiten m\u00f6chten wir Ihnen einen \u00dcberblick \u00fcber unser Ingenieurb\u00fcro, unsere T\u00e4tigkeitsfelder und unsere Kompetenzen geben. Als Ingenieurb\u00fcro stehen wir mit unseren national bekannten Ruf f\u00fcr ein schnelles, unkompliziertes und efffizientes Umsetzen Ihres Bauvorhaben. Hierbei k\u00f6nnen Sie sich auf kompetentes und aktuelles Fachwissen, neueste Software und eine pers\u00f6nliche Beratung und Umsetzung Ihres Projekts [&hellip;]<\/p>\n","protected":false},"author":2,"featured_media":0,"parent":0,"menu_order":0,"comment_status":"closed","ping_status":"closed","template":"","meta":{"footnotes":""},"class_list":["post-60","page","type-page","status-publish","hentry"],"_links":{"self":[{"href":"https:\/\/www.westerweller-statik.de\/index.php\/wp-json\/wp\/v2\/pages\/60","targetHints":{"allow":["GET"]}}],"collection":[{"href":"https:\/\/www.westerweller-statik.de\/index.php\/wp-json\/wp\/v2\/pages"}],"about":[{"href":"https:\/\/www.westerweller-statik.de\/index.php\/wp-json\/wp\/v2\/types\/page"}],"author":[{"embeddable":true,"href":"https:\/\/www.westerweller-statik.de\/index.php\/wp-json\/wp\/v2\/users\/2"}],"replies":[{"embeddable":true,"href":"https:\/\/www.westerweller-statik.de\/index.php\/wp-json\/wp\/v2\/comments?post=60"}],"version-history":[{"count":20,"href":"https:\/\/www.westerweller-statik.de\/index.php\/wp-json\/wp\/v2\/pages\/60\/revisions"}],"predecessor-version":[{"id":317,"href":"https:\/\/www.westerweller-statik.de\/index.php\/wp-json\/wp\/v2\/pages\/60\/revisions\/317"}],"wp:attachment":[{"href":"https:\/\/www.westerweller-statik.de\/index.php\/wp-json\/wp\/v2\/media?parent=60"}],"curies":[{"name":"wp","href":"https:\/\/api.w.org\/{rel}","templated":true}]}}