{"id":288,"date":"2022-02-13T16:51:58","date_gmt":"2022-02-13T16:51:58","guid":{"rendered":"https:\/\/westerweller-statik.de\/?page_id=288"},"modified":"2022-04-02T16:41:13","modified_gmt":"2022-04-02T16:41:13","slug":"energieberatung","status":"publish","type":"page","link":"https:\/\/www.westerweller-statik.de\/index.php\/energieberatung\/","title":{"rendered":"Energieberatung"},"content":{"rendered":"\n<ul class=\"wp-block-list\"><li>Energieeffizienz-Experte<\/li><li>KfW \/ BAFA<ul><li>Effizienzhaus<\/li><li>Einzelma\u00dfnahmen<\/li><li>Heizungstechnik<\/li><li>Bundesf\u00f6rderung f\u00fcr effiziente Geb\u00e4ude  <ul><li>Wohngeb\u00e4ude (BEG WG)<\/li><li>Nichtwohngeb\u00e4ude (BEG NWG)<\/li><li>Einzelma\u00dfnahmen (BEG EM)<\/li><\/ul><\/li><\/ul><ul><li>Fachplanung \/ Baubegleitung<\/li><\/ul><\/li><li>Deutsche Energie-Agentur (DENA)<\/li><li>Geb\u00e4udeenergieberater Ingenieure Handwerker \u2013 Bundesverband e.V. (GIH)<\/li><li>Thermografiemessungen<\/li><li>Schwachstellenanalysen<\/li><li>Ma\u00dfnahmenvorschl\u00e4ge zur Energieeinsparung<\/li><li>Entwicklung eines Energieeinsparkonzeptes<br>inklusive Wirtschaftslichkeitsbetrachtung<\/li><li>Erstellung eines Energieausweises (verbrauchs- \/ bedarfsorientiert)<\/li><li>Schimmelanalyse<\/li><\/ul>\n\n\n\n<figure class=\"wp-block-image is-resized\"><img loading=\"lazy\" decoding=\"async\" src=\"https:\/\/westerweller-statik.de\/wp-content\/uploads\/2021\/11\/k-20211121_165035-1024x576.jpg\" alt=\"\" class=\"wp-image-186\" width=\"322\" height=\"572\"\/><\/figure>\n","protected":false},"excerpt":{"rendered":"<p>Energieeffizienz-Experte KfW \/ BAFA Effizienzhaus Einzelma\u00dfnahmen Heizungstechnik Bundesf\u00f6rderung f\u00fcr effiziente Geb\u00e4ude Wohngeb\u00e4ude (BEG WG) Nichtwohngeb\u00e4ude (BEG NWG) Einzelma\u00dfnahmen (BEG EM) Fachplanung \/ Baubegleitung Deutsche Energie-Agentur (DENA) Geb\u00e4udeenergieberater Ingenieure Handwerker \u2013 Bundesverband e.V. (GIH) Thermografiemessungen Schwachstellenanalysen Ma\u00dfnahmenvorschl\u00e4ge zur Energieeinsparung Entwicklung eines Energieeinsparkonzeptesinklusive Wirtschaftslichkeitsbetrachtung Erstellung eines Energieausweises (verbrauchs- \/ bedarfsorientiert) Schimmelanalyse<\/p>\n","protected":false},"author":2,"featured_media":0,"parent":0,"menu_order":0,"comment_status":"closed","ping_status":"closed","template":"","meta":{"footnotes":""},"class_list":["post-288","page","type-page","status-publish","hentry"],"_links":{"self":[{"href":"https:\/\/www.westerweller-statik.de\/index.php\/wp-json\/wp\/v2\/pages\/288","targetHints":{"allow":["GET"]}}],"collection":[{"href":"https:\/\/www.westerweller-statik.de\/index.php\/wp-json\/wp\/v2\/pages"}],"about":[{"href":"https:\/\/www.westerweller-statik.de\/index.php\/wp-json\/wp\/v2\/types\/page"}],"author":[{"embeddable":true,"href":"https:\/\/www.westerweller-statik.de\/index.php\/wp-json\/wp\/v2\/users\/2"}],"replies":[{"embeddable":true,"href":"https:\/\/www.westerweller-statik.de\/index.php\/wp-json\/wp\/v2\/comments?post=288"}],"version-history":[{"count":6,"href":"https:\/\/www.westerweller-statik.de\/index.php\/wp-json\/wp\/v2\/pages\/288\/revisions"}],"predecessor-version":[{"id":373,"href":"https:\/\/www.westerweller-statik.de\/index.php\/wp-json\/wp\/v2\/pages\/288\/revisions\/373"}],"wp:attachment":[{"href":"https:\/\/www.westerweller-statik.de\/index.php\/wp-json\/wp\/v2\/media?parent=288"}],"curies":[{"name":"wp","href":"https:\/\/api.w.org\/{rel}","templated":true}]}}