{"id":283,"date":"2022-02-13T16:50:28","date_gmt":"2022-02-13T16:50:28","guid":{"rendered":"https:\/\/westerweller-statik.de\/?page_id=283"},"modified":"2022-02-13T16:50:28","modified_gmt":"2022-02-13T16:50:28","slug":"bauphysik","status":"publish","type":"page","link":"https:\/\/www.westerweller-statik.de\/index.php\/bauphysik\/","title":{"rendered":"Bauphysik"},"content":{"rendered":"\n<ul class=\"wp-block-list\"><li>W\u00e4rmeschutznachweis<\/li><li>Vorbeugender Brandschutz<ul><li>Brandschutzkonzepte<\/li><li>Brandschutznachweise<\/li><li>Flucht- und Rettungswegpl\u00e4ne<\/li><li>Feuerwehrpl\u00e4ne<\/li><\/ul><\/li><\/ul>\n\n\n\n<figure class=\"wp-block-image\"><img loading=\"lazy\" decoding=\"async\" width=\"1024\" height=\"576\" src=\"https:\/\/westerweller-statik.de\/wp-content\/uploads\/2021\/11\/k-20211121_170132-1024x576.jpg\" alt=\"\" class=\"wp-image-189\" srcset=\"https:\/\/www.westerweller-statik.de\/wp-content\/uploads\/2021\/11\/k-20211121_170132-1024x576.jpg 1024w, https:\/\/www.westerweller-statik.de\/wp-content\/uploads\/2021\/11\/k-20211121_170132-300x169.jpg 300w, https:\/\/www.westerweller-statik.de\/wp-content\/uploads\/2021\/11\/k-20211121_170132-768x432.jpg 768w, https:\/\/www.westerweller-statik.de\/wp-content\/uploads\/2021\/11\/k-20211121_170132-1536x864.jpg 1536w, https:\/\/www.westerweller-statik.de\/wp-content\/uploads\/2021\/11\/k-20211121_170132-2048x1152.jpg 2048w, https:\/\/www.westerweller-statik.de\/wp-content\/uploads\/2021\/11\/k-20211121_170132-1600x900.jpg 1600w\" sizes=\"auto, (max-width: 1024px) 100vw, 1024px\" \/><\/figure>\n\n\n\n<ul class=\"wp-block-list\"><li>Feuchteuntersuchungen<\/li><li>Schimmelbewertungen<\/li><li>Schallschutznachweis<\/li><\/ul>\n","protected":false},"excerpt":{"rendered":"<p>W\u00e4rmeschutznachweis Vorbeugender Brandschutz Brandschutzkonzepte Brandschutznachweise Flucht- und Rettungswegpl\u00e4ne Feuerwehrpl\u00e4ne Feuchteuntersuchungen Schimmelbewertungen Schallschutznachweis<\/p>\n","protected":false},"author":2,"featured_media":0,"parent":0,"menu_order":0,"comment_status":"closed","ping_status":"closed","template":"","meta":{"footnotes":""},"class_list":["post-283","page","type-page","status-publish","hentry"],"_links":{"self":[{"href":"https:\/\/www.westerweller-statik.de\/index.php\/wp-json\/wp\/v2\/pages\/283","targetHints":{"allow":["GET"]}}],"collection":[{"href":"https:\/\/www.westerweller-statik.de\/index.php\/wp-json\/wp\/v2\/pages"}],"about":[{"href":"https:\/\/www.westerweller-statik.de\/index.php\/wp-json\/wp\/v2\/types\/page"}],"author":[{"embeddable":true,"href":"https:\/\/www.westerweller-statik.de\/index.php\/wp-json\/wp\/v2\/users\/2"}],"replies":[{"embeddable":true,"href":"https:\/\/www.westerweller-statik.de\/index.php\/wp-json\/wp\/v2\/comments?post=283"}],"version-history":[{"count":1,"href":"https:\/\/www.westerweller-statik.de\/index.php\/wp-json\/wp\/v2\/pages\/283\/revisions"}],"predecessor-version":[{"id":284,"href":"https:\/\/www.westerweller-statik.de\/index.php\/wp-json\/wp\/v2\/pages\/283\/revisions\/284"}],"wp:attachment":[{"href":"https:\/\/www.westerweller-statik.de\/index.php\/wp-json\/wp\/v2\/media?parent=283"}],"curies":[{"name":"wp","href":"https:\/\/api.w.org\/{rel}","templated":true}]}}