{"id":281,"date":"2022-02-13T16:49:56","date_gmt":"2022-02-13T16:49:56","guid":{"rendered":"https:\/\/westerweller-statik.de\/?page_id=281"},"modified":"2022-02-13T16:50:48","modified_gmt":"2022-02-13T16:50:48","slug":"baustatik","status":"publish","type":"page","link":"https:\/\/www.westerweller-statik.de\/index.php\/baustatik\/","title":{"rendered":"Baustatik"},"content":{"rendered":"\n<ul class=\"wp-block-list\"><li>Tragwerksplanung<\/li><li>Statische Berechnung<\/li><li>Begutachtungen \/ Stellungnahmen<\/li><li>Bewehrungspl\u00e4ne<\/li><li>Ausf\u00fchrungspl\u00e4ne<\/li><li>Konstruktionspl\u00e4ne<\/li><\/ul>\n\n\n\n<figure class=\"wp-block-image\"><img loading=\"lazy\" decoding=\"async\" width=\"1024\" height=\"576\" src=\"https:\/\/westerweller-statik.de\/wp-content\/uploads\/2021\/11\/k-20211121_181812-1024x576.jpg\" alt=\"\" class=\"wp-image-184\" srcset=\"https:\/\/www.westerweller-statik.de\/wp-content\/uploads\/2021\/11\/k-20211121_181812-1024x576.jpg 1024w, https:\/\/www.westerweller-statik.de\/wp-content\/uploads\/2021\/11\/k-20211121_181812-300x169.jpg 300w, https:\/\/www.westerweller-statik.de\/wp-content\/uploads\/2021\/11\/k-20211121_181812-768x432.jpg 768w, https:\/\/www.westerweller-statik.de\/wp-content\/uploads\/2021\/11\/k-20211121_181812-1536x864.jpg 1536w, https:\/\/www.westerweller-statik.de\/wp-content\/uploads\/2021\/11\/k-20211121_181812-2048x1152.jpg 2048w, https:\/\/www.westerweller-statik.de\/wp-content\/uploads\/2021\/11\/k-20211121_181812-1600x900.jpg 1600w\" sizes=\"auto, (max-width: 1024px) 100vw, 1024px\" \/><\/figure>\n","protected":false},"excerpt":{"rendered":"<p>Tragwerksplanung Statische Berechnung Begutachtungen \/ Stellungnahmen Bewehrungspl\u00e4ne Ausf\u00fchrungspl\u00e4ne Konstruktionspl\u00e4ne<\/p>\n","protected":false},"author":2,"featured_media":0,"parent":0,"menu_order":0,"comment_status":"closed","ping_status":"closed","template":"","meta":{"footnotes":""},"class_list":["post-281","page","type-page","status-publish","hentry"],"_links":{"self":[{"href":"https:\/\/www.westerweller-statik.de\/index.php\/wp-json\/wp\/v2\/pages\/281","targetHints":{"allow":["GET"]}}],"collection":[{"href":"https:\/\/www.westerweller-statik.de\/index.php\/wp-json\/wp\/v2\/pages"}],"about":[{"href":"https:\/\/www.westerweller-statik.de\/index.php\/wp-json\/wp\/v2\/types\/page"}],"author":[{"embeddable":true,"href":"https:\/\/www.westerweller-statik.de\/index.php\/wp-json\/wp\/v2\/users\/2"}],"replies":[{"embeddable":true,"href":"https:\/\/www.westerweller-statik.de\/index.php\/wp-json\/wp\/v2\/comments?post=281"}],"version-history":[{"count":2,"href":"https:\/\/www.westerweller-statik.de\/index.php\/wp-json\/wp\/v2\/pages\/281\/revisions"}],"predecessor-version":[{"id":285,"href":"https:\/\/www.westerweller-statik.de\/index.php\/wp-json\/wp\/v2\/pages\/281\/revisions\/285"}],"wp:attachment":[{"href":"https:\/\/www.westerweller-statik.de\/index.php\/wp-json\/wp\/v2\/media?parent=281"}],"curies":[{"name":"wp","href":"https:\/\/api.w.org\/{rel}","templated":true}]}}