{"id":258,"date":"2022-02-13T16:30:37","date_gmt":"2022-02-13T16:30:37","guid":{"rendered":"https:\/\/westerweller-statik.de\/?page_id=258"},"modified":"2022-04-02T15:53:28","modified_gmt":"2022-04-02T15:53:28","slug":"oeffentliche-projekte","status":"publish","type":"page","link":"https:\/\/www.westerweller-statik.de\/index.php\/oeffentliche-projekte\/","title":{"rendered":"\u00d6ffentliche Projekte"},"content":{"rendered":"\n<ul class=\"wp-block-list\"><li><strong>Regenr\u00fcckhaltebecken mit einem Fassungsverm\u00f6gen von 6 Mio. Liter in Nidda-Kohden:<\/strong> Statische Berechnung und Bewehrungspl\u00e4ne<\/li><li><strong>Neubau von Aussichtst\u00fcrmen f\u00fcr die Forst\u00e4mter in B\u00fcdingen und Nidda:<\/strong> Planung, Statische Berechungen, Bauantr\u00e4ge, Bewehrungspl\u00e4ne<\/li><li><strong>Neubau der Dorfgemeinschaftsh\u00e4user in Nidda-Wallernhausen und Schotten-Rainrod:<\/strong> Statische Berechnung und Bewehrungspl\u00e4ne<\/li><li><strong>Erweiterung des Kindergartens in Hirzenhain:<\/strong> Statische Berechnung und Bewehrungspl\u00e4ne<\/li><li><strong>Umbau des Kinderheims in Nidda-Harb: <\/strong>Statische Berechnung und Bewehrungspl\u00e4ne<\/li><\/ul>\n","protected":false},"excerpt":{"rendered":"<p>Regenr\u00fcckhaltebecken mit einem Fassungsverm\u00f6gen von 6 Mio. Liter in Nidda-Kohden: Statische Berechnung und Bewehrungspl\u00e4ne Neubau von Aussichtst\u00fcrmen f\u00fcr die Forst\u00e4mter in B\u00fcdingen und Nidda: Planung, Statische Berechungen, Bauantr\u00e4ge, Bewehrungspl\u00e4ne Neubau der Dorfgemeinschaftsh\u00e4user in Nidda-Wallernhausen und Schotten-Rainrod: Statische Berechnung und Bewehrungspl\u00e4ne Erweiterung des Kindergartens in Hirzenhain: Statische Berechnung und Bewehrungspl\u00e4ne Umbau des Kinderheims in Nidda-Harb: Statische [&hellip;]<\/p>\n","protected":false},"author":2,"featured_media":0,"parent":0,"menu_order":0,"comment_status":"closed","ping_status":"closed","template":"","meta":{"footnotes":""},"class_list":["post-258","page","type-page","status-publish","hentry"],"_links":{"self":[{"href":"https:\/\/www.westerweller-statik.de\/index.php\/wp-json\/wp\/v2\/pages\/258","targetHints":{"allow":["GET"]}}],"collection":[{"href":"https:\/\/www.westerweller-statik.de\/index.php\/wp-json\/wp\/v2\/pages"}],"about":[{"href":"https:\/\/www.westerweller-statik.de\/index.php\/wp-json\/wp\/v2\/types\/page"}],"author":[{"embeddable":true,"href":"https:\/\/www.westerweller-statik.de\/index.php\/wp-json\/wp\/v2\/users\/2"}],"replies":[{"embeddable":true,"href":"https:\/\/www.westerweller-statik.de\/index.php\/wp-json\/wp\/v2\/comments?post=258"}],"version-history":[{"count":9,"href":"https:\/\/www.westerweller-statik.de\/index.php\/wp-json\/wp\/v2\/pages\/258\/revisions"}],"predecessor-version":[{"id":368,"href":"https:\/\/www.westerweller-statik.de\/index.php\/wp-json\/wp\/v2\/pages\/258\/revisions\/368"}],"wp:attachment":[{"href":"https:\/\/www.westerweller-statik.de\/index.php\/wp-json\/wp\/v2\/media?parent=258"}],"curies":[{"name":"wp","href":"https:\/\/api.w.org\/{rel}","templated":true}]}}