{"id":256,"date":"2022-02-13T16:30:28","date_gmt":"2022-02-13T16:30:28","guid":{"rendered":"https:\/\/westerweller-statik.de\/?page_id=256"},"modified":"2022-02-13T17:23:39","modified_gmt":"2022-02-13T17:23:39","slug":"private-projekte","status":"publish","type":"page","link":"https:\/\/www.westerweller-statik.de\/index.php\/private-projekte\/","title":{"rendered":"Private Projekte"},"content":{"rendered":"\n<ul class=\"wp-block-list\"><li><strong>Metallverkleidung eines Hochhauses in Berlin: <\/strong>Tragkonstruktion f\u00fcr die Verankerung der Metallfassade<\/li><li><strong>Neubau von 11 Reihenh\u00e4usern in Ortenberg-Bleichenbach:<\/strong> Statische Berechnung, Bewehrungspl\u00e4ne<\/li><li><strong>Verschiedene Ein- und Mehrfamilienh\u00e4user in Wetterau-, Vogelsbergkreis und Rhein-Main<\/strong>&#8211;<strong>Gebiet<\/strong><\/li><\/ul>\n","protected":false},"excerpt":{"rendered":"<p>Metallverkleidung eines Hochhauses in Berlin: Tragkonstruktion f\u00fcr die Verankerung der Metallfassade Neubau von 11 Reihenh\u00e4usern in Ortenberg-Bleichenbach: Statische Berechnung, Bewehrungspl\u00e4ne Verschiedene Ein- und Mehrfamilienh\u00e4user in Wetterau-, Vogelsbergkreis und Rhein-Main&#8211;Gebiet<\/p>\n","protected":false},"author":2,"featured_media":0,"parent":0,"menu_order":0,"comment_status":"closed","ping_status":"closed","template":"","meta":{"footnotes":""},"class_list":["post-256","page","type-page","status-publish","hentry"],"_links":{"self":[{"href":"https:\/\/www.westerweller-statik.de\/index.php\/wp-json\/wp\/v2\/pages\/256","targetHints":{"allow":["GET"]}}],"collection":[{"href":"https:\/\/www.westerweller-statik.de\/index.php\/wp-json\/wp\/v2\/pages"}],"about":[{"href":"https:\/\/www.westerweller-statik.de\/index.php\/wp-json\/wp\/v2\/types\/page"}],"author":[{"embeddable":true,"href":"https:\/\/www.westerweller-statik.de\/index.php\/wp-json\/wp\/v2\/users\/2"}],"replies":[{"embeddable":true,"href":"https:\/\/www.westerweller-statik.de\/index.php\/wp-json\/wp\/v2\/comments?post=256"}],"version-history":[{"count":13,"href":"https:\/\/www.westerweller-statik.de\/index.php\/wp-json\/wp\/v2\/pages\/256\/revisions"}],"predecessor-version":[{"id":312,"href":"https:\/\/www.westerweller-statik.de\/index.php\/wp-json\/wp\/v2\/pages\/256\/revisions\/312"}],"wp:attachment":[{"href":"https:\/\/www.westerweller-statik.de\/index.php\/wp-json\/wp\/v2\/media?parent=256"}],"curies":[{"name":"wp","href":"https:\/\/api.w.org\/{rel}","templated":true}]}}