{"id":254,"date":"2022-02-13T16:30:14","date_gmt":"2022-02-13T16:30:14","guid":{"rendered":"https:\/\/westerweller-statik.de\/?page_id=254"},"modified":"2022-02-13T17:29:06","modified_gmt":"2022-02-13T17:29:06","slug":"gewerbliche-projekte","status":"publish","type":"page","link":"https:\/\/www.westerweller-statik.de\/index.php\/gewerbliche-projekte\/","title":{"rendered":"Gewerbliche Projekte"},"content":{"rendered":"\n<ul class=\"wp-block-list\"><li><strong>Neubau eines Einkaufszentrums in Wei\u00dfensee: <\/strong>Statische Berechnungen und Bewehrungspl\u00e4ne<\/li><li><strong>Neu-\/Umbau von verschiedenen Sparkassen-Filialen in Wetterau- und Vogelsbergkreis: <\/strong>Statische Berechnungen und Bewehrungspl\u00e4ne<\/li><li><strong>Umbau verschiedener Volksbank-Filialen im Wetteraukreis:<\/strong> Statische Berechnungen und Bewehrungspl\u00e4ne<\/li><li><strong>Gewerbepark (Boardinghouse &amp; Gewerbefl\u00e4che) in Frankfurt am Main:<\/strong> Statische Berechnungen und Bewehrungspl\u00e4ne<\/li><li><strong>Umbau des Ruhehotel WITT in Nidda-Wallernhausen:<\/strong> Statische Berechnungen und Bewehrungspl\u00e4ne<\/li><li><strong>Neubau eines Altenpflegeheims in Nidda-Unter-Schmitten:<\/strong> Statische Berechnungen und Bewehrungspl\u00e4ne<\/li><li><strong>Um- und Anbau eines Altenpflegeheims in Nidda:<\/strong> Statische Berechnungen und Bewehrungspl\u00e4ne<\/li><li><strong>Erweiterung eines Logistik-Zentrums in Kriftel: <\/strong>Statische Berechnungen und Bewehrungspl\u00e4ne<\/li><li><strong>Poly-clip in Gedern:<\/strong> Flucht-, Rettungsweg- und Feuerwehrpl\u00e4ne, Statische Berechnungen <\/li><li><strong>verschiedene An- und Umbauten von Gesch\u00e4ftr\u00e4umen im Bereich Handwerk und Logistik in Hessen<\/strong><\/li><\/ul>\n\n\n\n<p><\/p>\n","protected":false},"excerpt":{"rendered":"<p>Neubau eines Einkaufszentrums in Wei\u00dfensee: Statische Berechnungen und Bewehrungspl\u00e4ne Neu-\/Umbau von verschiedenen Sparkassen-Filialen in Wetterau- und Vogelsbergkreis: Statische Berechnungen und Bewehrungspl\u00e4ne Umbau verschiedener Volksbank-Filialen im Wetteraukreis: Statische Berechnungen und Bewehrungspl\u00e4ne Gewerbepark (Boardinghouse &amp; Gewerbefl\u00e4che) in Frankfurt am Main: Statische Berechnungen und Bewehrungspl\u00e4ne Umbau des Ruhehotel WITT in Nidda-Wallernhausen: Statische Berechnungen und Bewehrungspl\u00e4ne Neubau eines Altenpflegeheims [&hellip;]<\/p>\n","protected":false},"author":2,"featured_media":0,"parent":0,"menu_order":0,"comment_status":"closed","ping_status":"closed","template":"","meta":{"footnotes":""},"class_list":["post-254","page","type-page","status-publish","hentry"],"_links":{"self":[{"href":"https:\/\/www.westerweller-statik.de\/index.php\/wp-json\/wp\/v2\/pages\/254","targetHints":{"allow":["GET"]}}],"collection":[{"href":"https:\/\/www.westerweller-statik.de\/index.php\/wp-json\/wp\/v2\/pages"}],"about":[{"href":"https:\/\/www.westerweller-statik.de\/index.php\/wp-json\/wp\/v2\/types\/page"}],"author":[{"embeddable":true,"href":"https:\/\/www.westerweller-statik.de\/index.php\/wp-json\/wp\/v2\/users\/2"}],"replies":[{"embeddable":true,"href":"https:\/\/www.westerweller-statik.de\/index.php\/wp-json\/wp\/v2\/comments?post=254"}],"version-history":[{"count":13,"href":"https:\/\/www.westerweller-statik.de\/index.php\/wp-json\/wp\/v2\/pages\/254\/revisions"}],"predecessor-version":[{"id":314,"href":"https:\/\/www.westerweller-statik.de\/index.php\/wp-json\/wp\/v2\/pages\/254\/revisions\/314"}],"wp:attachment":[{"href":"https:\/\/www.westerweller-statik.de\/index.php\/wp-json\/wp\/v2\/media?parent=254"}],"curies":[{"name":"wp","href":"https:\/\/api.w.org\/{rel}","templated":true}]}}